{"id":189,"date":"2022-02-04T15:42:08","date_gmt":"2022-02-04T15:42:08","guid":{"rendered":"https:\/\/diiestudio.cl\/?page_id=189"},"modified":"2023-05-16T21:53:26","modified_gmt":"2023-05-16T21:53:26","slug":"campana-grafica","status":"publish","type":"page","link":"https:\/\/markez.cl\/index.php\/campana-grafica\/","title":{"rendered":"Campa\u00f1a Gr\u00e1fica"},"content":{"rendered":"\n<p>Cada etapa, promoci\u00f3n o lanzamiento, se debe comunicar con la imagen de marca su personalidad, una imagen una ilustraci\u00f3n en diferentes formatos. Desde el dise\u00f1o a la instalaci\u00f3n.<\/p>\n\n\n\n<p>Gigantograf\u00edas.<br>Letreros.<br>Backlight.<br>Volum\u00e9tricos.<br>Animaciones (gif, presentaci\u00f3n).<\/p>\n\n\n\n<div class=\"wp-block-buttons is-content-justification-right is-layout-flex wp-container-core-buttons-is-layout-765c4724 wp-block-buttons-is-layout-flex\">\n<div class=\"wp-block-button is-style-outline is-style-outline--1\"><a class=\"wp-block-button__link wp-element-button\" href=\"https:\/\/markez.cl\/index.php\">Volver<\/a><\/div>\n<\/div>\n","protected":false},"excerpt":{"rendered":"<p>Cada etapa, promoci\u00f3n o lanzamiento, se debe comunicar con la imagen de marca su personalidad, una imagen una ilustraci\u00f3n en diferentes formatos. Desde el dise\u00f1o a la instalaci\u00f3n. Gigantograf\u00edas.Letreros.Backlight.Volum\u00e9tricos.Animaciones (gif, presentaci\u00f3n).<\/p>\n","protected":false},"author":1,"featured_media":0,"parent":0,"menu_order":0,"comment_status":"closed","ping_status":"closed","template":"","meta":{"footnotes":""},"class_list":["post-189","page","type-page","status-publish","hentry"],"yoast_head":"<!-- This site is optimized with the Yoast SEO plugin v22.8 - https:\/\/yoast.com\/wordpress\/plugins\/seo\/ -->\n<title>Campa\u00f1a Gr\u00e1fica -<\/title>\n<meta name=\"description\" content=\"Creamos campa\u00f1as gr\u00e1ficas con creatividad, y eficiencia. Nos encargamos de todo el proceso desde la creaci\u00f3n a la instalaci\u00f3n.\" \/>\n<meta name=\"robots\" content=\"index, follow, max-snippet:-1, max-image-preview:large, max-video-preview:-1\" \/>\n<link rel=\"canonical\" href=\"https:\/\/markez.cl\/index.php\/campana-grafica\/\" \/>\n<meta property=\"og:locale\" content=\"es_ES\" \/>\n<meta property=\"og:type\" content=\"article\" \/>\n<meta property=\"og:title\" content=\"Campa\u00f1a Gr\u00e1fica -\" \/>\n<meta property=\"og:description\" content=\"Creamos campa\u00f1as gr\u00e1ficas con creatividad, y eficiencia. Nos encargamos de todo el proceso desde la creaci\u00f3n a la instalaci\u00f3n.\" \/>\n<meta property=\"og:url\" content=\"https:\/\/markez.cl\/index.php\/campana-grafica\/\" \/>\n<meta property=\"article:modified_time\" content=\"2023-05-16T21:53:26+00:00\" \/>\n<meta name=\"twitter:card\" content=\"summary_large_image\" \/>\n<meta name=\"twitter:label1\" content=\"Tiempo estimado de lectura\" \/>\n\t<meta name=\"twitter:data1\" content=\"1 minuto\" \/>\n<script type=\"application\/ld+json\" class=\"yoast-schema-graph\">{\"@context\":\"https:\/\/schema.org\",\"@graph\":[{\"@type\":\"WebPage\",\"@id\":\"https:\/\/markez.cl\/index.php\/campana-grafica\/\",\"url\":\"https:\/\/markez.cl\/index.php\/campana-grafica\/\",\"name\":\"Campa\u00f1a Gr\u00e1fica -\",\"isPartOf\":{\"@id\":\"https:\/\/markez.cl\/#website\"},\"datePublished\":\"2022-02-04T15:42:08+00:00\",\"dateModified\":\"2023-05-16T21:53:26+00:00\",\"description\":\"Creamos campa\u00f1as gr\u00e1ficas con creatividad, y eficiencia. Nos encargamos de todo el proceso desde la creaci\u00f3n a la instalaci\u00f3n.\",\"breadcrumb\":{\"@id\":\"https:\/\/markez.cl\/index.php\/campana-grafica\/#breadcrumb\"},\"inLanguage\":\"es-CL\",\"potentialAction\":[{\"@type\":\"ReadAction\",\"target\":[\"https:\/\/markez.cl\/index.php\/campana-grafica\/\"]}]},{\"@type\":\"BreadcrumbList\",\"@id\":\"https:\/\/markez.cl\/index.php\/campana-grafica\/#breadcrumb\",\"itemListElement\":[{\"@type\":\"ListItem\",\"position\":1,\"name\":\"Portada\",\"item\":\"https:\/\/markez.cl\/\"},{\"@type\":\"ListItem\",\"position\":2,\"name\":\"Campa\u00f1a Gr\u00e1fica\"}]},{\"@type\":\"WebSite\",\"@id\":\"https:\/\/markez.cl\/#website\",\"url\":\"https:\/\/markez.cl\/\",\"name\":\"dise\u00f1o & Marketing\",\"description\":\"Te ayudamos a crear una marca s\u00f3lida.\",\"publisher\":{\"@id\":\"https:\/\/markez.cl\/#organization\"},\"potentialAction\":[{\"@type\":\"SearchAction\",\"target\":{\"@type\":\"EntryPoint\",\"urlTemplate\":\"https:\/\/markez.cl\/?s={search_term_string}\"},\"query-input\":\"required name=search_term_string\"}],\"inLanguage\":\"es-CL\"},{\"@type\":\"Organization\",\"@id\":\"https:\/\/markez.cl\/#organization\",\"name\":\"Markez\",\"url\":\"https:\/\/markez.cl\/\",\"logo\":{\"@type\":\"ImageObject\",\"inLanguage\":\"es-CL\",\"@id\":\"https:\/\/markez.cl\/#\/schema\/logo\/image\/\",\"url\":\"https:\/\/markez.cl\/wp-content\/uploads\/2025\/08\/cropped-logo-1.png\",\"contentUrl\":\"https:\/\/markez.cl\/wp-content\/uploads\/2025\/08\/cropped-logo-1.png\",\"width\":787,\"height\":250,\"caption\":\"Markez\"},\"image\":{\"@id\":\"https:\/\/markez.cl\/#\/schema\/logo\/image\/\"},\"sameAs\":[\"https:\/\/www.instagram.com\/markez_design\"]}]}<\/script>\n<!-- \/ Yoast SEO plugin. -->","yoast_head_json":{"title":"Campa\u00f1a Gr\u00e1fica -","description":"Creamos campa\u00f1as gr\u00e1ficas con creatividad, y eficiencia. Nos encargamos de todo el proceso desde la creaci\u00f3n a la instalaci\u00f3n.","robots":{"index":"index","follow":"follow","max-snippet":"max-snippet:-1","max-image-preview":"max-image-preview:large","max-video-preview":"max-video-preview:-1"},"canonical":"https:\/\/markez.cl\/index.php\/campana-grafica\/","og_locale":"es_ES","og_type":"article","og_title":"Campa\u00f1a Gr\u00e1fica -","og_description":"Creamos campa\u00f1as gr\u00e1ficas con creatividad, y eficiencia. Nos encargamos de todo el proceso desde la creaci\u00f3n a la instalaci\u00f3n.","og_url":"https:\/\/markez.cl\/index.php\/campana-grafica\/","article_modified_time":"2023-05-16T21:53:26+00:00","twitter_card":"summary_large_image","twitter_misc":{"Tiempo estimado de lectura":"1 minuto"},"schema":{"@context":"https:\/\/schema.org","@graph":[{"@type":"WebPage","@id":"https:\/\/markez.cl\/index.php\/campana-grafica\/","url":"https:\/\/markez.cl\/index.php\/campana-grafica\/","name":"Campa\u00f1a Gr\u00e1fica -","isPartOf":{"@id":"https:\/\/markez.cl\/#website"},"datePublished":"2022-02-04T15:42:08+00:00","dateModified":"2023-05-16T21:53:26+00:00","description":"Creamos campa\u00f1as gr\u00e1ficas con creatividad, y eficiencia. Nos encargamos de todo el proceso desde la creaci\u00f3n a la instalaci\u00f3n.","breadcrumb":{"@id":"https:\/\/markez.cl\/index.php\/campana-grafica\/#breadcrumb"},"inLanguage":"es-CL","potentialAction":[{"@type":"ReadAction","target":["https:\/\/markez.cl\/index.php\/campana-grafica\/"]}]},{"@type":"BreadcrumbList","@id":"https:\/\/markez.cl\/index.php\/campana-grafica\/#breadcrumb","itemListElement":[{"@type":"ListItem","position":1,"name":"Portada","item":"https:\/\/markez.cl\/"},{"@type":"ListItem","position":2,"name":"Campa\u00f1a Gr\u00e1fica"}]},{"@type":"WebSite","@id":"https:\/\/markez.cl\/#website","url":"https:\/\/markez.cl\/","name":"dise\u00f1o & Marketing","description":"Te ayudamos a crear una marca s\u00f3lida.","publisher":{"@id":"https:\/\/markez.cl\/#organization"},"potentialAction":[{"@type":"SearchAction","target":{"@type":"EntryPoint","urlTemplate":"https:\/\/markez.cl\/?s={search_term_string}"},"query-input":"required name=search_term_string"}],"inLanguage":"es-CL"},{"@type":"Organization","@id":"https:\/\/markez.cl\/#organization","name":"Markez","url":"https:\/\/markez.cl\/","logo":{"@type":"ImageObject","inLanguage":"es-CL","@id":"https:\/\/markez.cl\/#\/schema\/logo\/image\/","url":"https:\/\/markez.cl\/wp-content\/uploads\/2025\/08\/cropped-logo-1.png","contentUrl":"https:\/\/markez.cl\/wp-content\/uploads\/2025\/08\/cropped-logo-1.png","width":787,"height":250,"caption":"Markez"},"image":{"@id":"https:\/\/markez.cl\/#\/schema\/logo\/image\/"},"sameAs":["https:\/\/www.instagram.com\/markez_design"]}]}},"jetpack_sharing_enabled":true,"_links":{"self":[{"href":"https:\/\/markez.cl\/index.php\/wp-json\/wp\/v2\/pages\/189","targetHints":{"allow":["GET"]}}],"collection":[{"href":"https:\/\/markez.cl\/index.php\/wp-json\/wp\/v2\/pages"}],"about":[{"href":"https:\/\/markez.cl\/index.php\/wp-json\/wp\/v2\/types\/page"}],"author":[{"embeddable":true,"href":"https:\/\/markez.cl\/index.php\/wp-json\/wp\/v2\/users\/1"}],"replies":[{"embeddable":true,"href":"https:\/\/markez.cl\/index.php\/wp-json\/wp\/v2\/comments?post=189"}],"version-history":[{"count":3,"href":"https:\/\/markez.cl\/index.php\/wp-json\/wp\/v2\/pages\/189\/revisions"}],"predecessor-version":[{"id":313,"href":"https:\/\/markez.cl\/index.php\/wp-json\/wp\/v2\/pages\/189\/revisions\/313"}],"wp:attachment":[{"href":"https:\/\/markez.cl\/index.php\/wp-json\/wp\/v2\/media?parent=189"}],"curies":[{"name":"wp","href":"https:\/\/api.w.org\/{rel}","templated":true}]}}