{"id":194,"date":"2022-02-04T16:22:28","date_gmt":"2022-02-04T16:22:28","guid":{"rendered":"https:\/\/diiestudio.cl\/?page_id=194"},"modified":"2022-02-14T21:48:27","modified_gmt":"2022-02-14T21:48:27","slug":"crear-curso-elearning","status":"publish","type":"page","link":"https:\/\/markez.cl\/index.php\/crear-curso-elearning\/","title":{"rendered":"e-learning &#038; actividades"},"content":{"rendered":"\n<p class=\"has-small-font-size\">Hemos desarrollado cursos e-learning para institutos, consultoras, empresas de retail.<\/p>\n\n\n\n<p class=\"has-small-font-size\">Los cursos E-learning se desarrollan para capacitar, optimizar procesos de inducci\u00f3n.<br>Crear actividades para los colaboradores e incluso lanzamientos de campa\u00f1as.<\/p>\n\n\n\n<p class=\"has-small-font-size\">Cursos e-learning han sido realizados con equipo de dise\u00f1adores instruccionales, dise\u00f1adores gr\u00e1ficos, locutores y profesionales docentes experto en sus \u00e1reas. <br>Desarrollados interactivos o pdfs de avance lineal.<\/p>\n\n\n\n<p class=\"has-small-font-size\">Las actividades que muchas veces son evaluaci\u00f3n, son para ser desarrolladas individuales y han sido:<\/p>\n\n\n\n<ul class=\"has-small-font-size wp-block-list\"><li>Cuestionario simple<\/li><li>Crucigramas <\/li><li>Puzzles<\/li><li>sopa de letras<\/li><li>Escape room<\/li><li>Rosco<\/li><li>y m\u00e1s&#8230; esperamos siempre el requerimiento de cada cliente para poner a prueba nuestra creatividad.<\/li><\/ul>\n\n\n\n<h2 class=\"wp-block-heading\" id=\"actividades-para-evento-on-line\">Actividades para evento on line<\/h2>\n\n\n\n<div class=\"wp-block-image\"><figure class=\"aligncenter size-large is-resized\"><img loading=\"lazy\" decoding=\"async\" src=\"https:\/\/markez.cl\/wp-content\/uploads\/2022\/02\/Actividad-empresa-online-1024x509.jpg\" alt=\"\" class=\"wp-image-266\" width=\"695\" height=\"345\" srcset=\"https:\/\/markez.cl\/wp-content\/uploads\/2022\/02\/Actividad-empresa-online-1024x509.jpg 1024w, https:\/\/markez.cl\/wp-content\/uploads\/2022\/02\/Actividad-empresa-online-300x149.jpg 300w, https:\/\/markez.cl\/wp-content\/uploads\/2022\/02\/Actividad-empresa-online-768x382.jpg 768w, https:\/\/markez.cl\/wp-content\/uploads\/2022\/02\/Actividad-empresa-online.jpg 1516w\" sizes=\"auto, (max-width: 695px) 100vw, 695px\" \/><\/figure><\/div>\n\n\n\n<p>Curso elearning &amp; actividad<\/p>\n\n\n\n<div class=\"wp-block-image\"><figure class=\"aligncenter size-large is-resized\"><img loading=\"lazy\" decoding=\"async\" src=\"https:\/\/markez.cl\/wp-content\/uploads\/2022\/02\/Curso-online-instituto-1024x509.jpg\" alt=\"\" class=\"wp-image-268\" width=\"691\" height=\"343\" srcset=\"https:\/\/markez.cl\/wp-content\/uploads\/2022\/02\/Curso-online-instituto-1024x509.jpg 1024w, https:\/\/markez.cl\/wp-content\/uploads\/2022\/02\/Curso-online-instituto-300x149.jpg 300w, https:\/\/markez.cl\/wp-content\/uploads\/2022\/02\/Curso-online-instituto-768x382.jpg 768w, https:\/\/markez.cl\/wp-content\/uploads\/2022\/02\/Curso-online-instituto.jpg 1516w\" sizes=\"auto, (max-width: 691px) 100vw, 691px\" \/><\/figure><\/div>\n\n\n\n<p>Curso de inducci\u00f3n<\/p>\n\n\n\n<div class=\"wp-block-image\"><figure class=\"aligncenter size-large is-resized\"><img loading=\"lazy\" decoding=\"async\" src=\"https:\/\/markez.cl\/wp-content\/uploads\/2022\/02\/induccion-online-1024x509.jpg\" alt=\"\" class=\"wp-image-269\" width=\"688\" height=\"342\" srcset=\"https:\/\/markez.cl\/wp-content\/uploads\/2022\/02\/induccion-online-1024x509.jpg 1024w, https:\/\/markez.cl\/wp-content\/uploads\/2022\/02\/induccion-online-300x149.jpg 300w, https:\/\/markez.cl\/wp-content\/uploads\/2022\/02\/induccion-online-768x382.jpg 768w, https:\/\/markez.cl\/wp-content\/uploads\/2022\/02\/induccion-online.jpg 1516w\" sizes=\"auto, (max-width: 688px) 100vw, 688px\" \/><\/figure><\/div>\n\n\n\n<div class=\"wp-block-buttons is-content-justification-right is-layout-flex wp-container-core-buttons-is-layout-765c4724 wp-block-buttons-is-layout-flex\">\n<div class=\"wp-block-button alignright is-style-outline is-style-outline--1\"><a class=\"wp-block-button__link\" href=\"https:\/\/markez.cl\/index.php\">Volver<\/a><\/div>\n<\/div>\n","protected":false},"excerpt":{"rendered":"<p>Hemos desarrollado cursos e-learning para institutos, consultoras, empresas de retail. Los cursos E-learning se desarrollan para capacitar, optimizar procesos de inducci\u00f3n.Crear actividades para los colaboradores e incluso lanzamientos de campa\u00f1as. Cursos e-learning han sido realizados con equipo de dise\u00f1adores instruccionales, dise\u00f1adores gr\u00e1ficos, locutores y profesionales docentes experto en sus \u00e1reas. Desarrollados interactivos o pdfs de &hellip; <\/p>\n<p class=\"link-more\"><a href=\"https:\/\/markez.cl\/index.php\/crear-curso-elearning\/\" class=\"more-link\">Continua leyendo<span class=\"screen-reader-text\"> &#8220;e-learning &#038; actividades&#8221;<\/span><\/a><\/p>\n","protected":false},"author":1,"featured_media":0,"parent":0,"menu_order":0,"comment_status":"closed","ping_status":"closed","template":"","meta":{"footnotes":""},"class_list":["post-194","page","type-page","status-publish","hentry"],"yoast_head":"<!-- This site is optimized with the Yoast SEO plugin v22.8 - https:\/\/yoast.com\/wordpress\/plugins\/seo\/ -->\n<title>e-learning &amp; actividades -<\/title>\n<meta name=\"robots\" content=\"index, follow, max-snippet:-1, max-image-preview:large, max-video-preview:-1\" \/>\n<link rel=\"canonical\" href=\"https:\/\/markez.cl\/index.php\/crear-curso-elearning\/\" \/>\n<meta property=\"og:locale\" content=\"es_ES\" \/>\n<meta property=\"og:type\" content=\"article\" \/>\n<meta property=\"og:title\" content=\"e-learning &amp; actividades -\" \/>\n<meta property=\"og:description\" content=\"Hemos desarrollado cursos e-learning para institutos, consultoras, empresas de retail. Los cursos E-learning se desarrollan para capacitar, optimizar procesos de inducci\u00f3n.Crear actividades para los colaboradores e incluso lanzamientos de campa\u00f1as. Cursos e-learning han sido realizados con equipo de dise\u00f1adores instruccionales, dise\u00f1adores gr\u00e1ficos, locutores y profesionales docentes experto en sus \u00e1reas. Desarrollados interactivos o pdfs de &hellip; Continua leyendo &quot;e-learning &#038; actividades&quot;\" \/>\n<meta property=\"og:url\" content=\"https:\/\/markez.cl\/index.php\/crear-curso-elearning\/\" \/>\n<meta property=\"article:modified_time\" content=\"2022-02-14T21:48:27+00:00\" \/>\n<meta property=\"og:image\" content=\"https:\/\/markez.cl\/wp-content\/uploads\/2022\/02\/Actividad-empresa-online-1024x509.jpg\" \/>\n<meta name=\"twitter:card\" content=\"summary_large_image\" \/>\n<meta name=\"twitter:label1\" content=\"Tiempo estimado de lectura\" \/>\n\t<meta name=\"twitter:data1\" content=\"2 minutos\" \/>\n<script type=\"application\/ld+json\" class=\"yoast-schema-graph\">{\"@context\":\"https:\/\/schema.org\",\"@graph\":[{\"@type\":\"WebPage\",\"@id\":\"https:\/\/markez.cl\/index.php\/crear-curso-elearning\/\",\"url\":\"https:\/\/markez.cl\/index.php\/crear-curso-elearning\/\",\"name\":\"e-learning & actividades -\",\"isPartOf\":{\"@id\":\"https:\/\/markez.cl\/#website\"},\"primaryImageOfPage\":{\"@id\":\"https:\/\/markez.cl\/index.php\/crear-curso-elearning\/#primaryimage\"},\"image\":{\"@id\":\"https:\/\/markez.cl\/index.php\/crear-curso-elearning\/#primaryimage\"},\"thumbnailUrl\":\"https:\/\/markez.cl\/wp-content\/uploads\/2022\/02\/Actividad-empresa-online-1024x509.jpg\",\"datePublished\":\"2022-02-04T16:22:28+00:00\",\"dateModified\":\"2022-02-14T21:48:27+00:00\",\"breadcrumb\":{\"@id\":\"https:\/\/markez.cl\/index.php\/crear-curso-elearning\/#breadcrumb\"},\"inLanguage\":\"es-CL\",\"potentialAction\":[{\"@type\":\"ReadAction\",\"target\":[\"https:\/\/markez.cl\/index.php\/crear-curso-elearning\/\"]}]},{\"@type\":\"ImageObject\",\"inLanguage\":\"es-CL\",\"@id\":\"https:\/\/markez.cl\/index.php\/crear-curso-elearning\/#primaryimage\",\"url\":\"https:\/\/markez.cl\/wp-content\/uploads\/2022\/02\/Actividad-empresa-online.jpg\",\"contentUrl\":\"https:\/\/markez.cl\/wp-content\/uploads\/2022\/02\/Actividad-empresa-online.jpg\",\"width\":1516,\"height\":754},{\"@type\":\"BreadcrumbList\",\"@id\":\"https:\/\/markez.cl\/index.php\/crear-curso-elearning\/#breadcrumb\",\"itemListElement\":[{\"@type\":\"ListItem\",\"position\":1,\"name\":\"Portada\",\"item\":\"https:\/\/markez.cl\/\"},{\"@type\":\"ListItem\",\"position\":2,\"name\":\"e-learning &#038; actividades\"}]},{\"@type\":\"WebSite\",\"@id\":\"https:\/\/markez.cl\/#website\",\"url\":\"https:\/\/markez.cl\/\",\"name\":\"dise\u00f1o & Marketing\",\"description\":\"Te ayudamos a crear una marca s\u00f3lida.\",\"publisher\":{\"@id\":\"https:\/\/markez.cl\/#organization\"},\"potentialAction\":[{\"@type\":\"SearchAction\",\"target\":{\"@type\":\"EntryPoint\",\"urlTemplate\":\"https:\/\/markez.cl\/?s={search_term_string}\"},\"query-input\":\"required name=search_term_string\"}],\"inLanguage\":\"es-CL\"},{\"@type\":\"Organization\",\"@id\":\"https:\/\/markez.cl\/#organization\",\"name\":\"Markez\",\"url\":\"https:\/\/markez.cl\/\",\"logo\":{\"@type\":\"ImageObject\",\"inLanguage\":\"es-CL\",\"@id\":\"https:\/\/markez.cl\/#\/schema\/logo\/image\/\",\"url\":\"https:\/\/markez.cl\/wp-content\/uploads\/2025\/08\/cropped-logo-1.png\",\"contentUrl\":\"https:\/\/markez.cl\/wp-content\/uploads\/2025\/08\/cropped-logo-1.png\",\"width\":787,\"height\":250,\"caption\":\"Markez\"},\"image\":{\"@id\":\"https:\/\/markez.cl\/#\/schema\/logo\/image\/\"},\"sameAs\":[\"https:\/\/www.instagram.com\/markez_design\"]}]}<\/script>\n<!-- \/ Yoast SEO plugin. -->","yoast_head_json":{"title":"e-learning & actividades -","robots":{"index":"index","follow":"follow","max-snippet":"max-snippet:-1","max-image-preview":"max-image-preview:large","max-video-preview":"max-video-preview:-1"},"canonical":"https:\/\/markez.cl\/index.php\/crear-curso-elearning\/","og_locale":"es_ES","og_type":"article","og_title":"e-learning & actividades -","og_description":"Hemos desarrollado cursos e-learning para institutos, consultoras, empresas de retail. Los cursos E-learning se desarrollan para capacitar, optimizar procesos de inducci\u00f3n.Crear actividades para los colaboradores e incluso lanzamientos de campa\u00f1as. Cursos e-learning han sido realizados con equipo de dise\u00f1adores instruccionales, dise\u00f1adores gr\u00e1ficos, locutores y profesionales docentes experto en sus \u00e1reas. Desarrollados interactivos o pdfs de &hellip; Continua leyendo \"e-learning &#038; actividades\"","og_url":"https:\/\/markez.cl\/index.php\/crear-curso-elearning\/","article_modified_time":"2022-02-14T21:48:27+00:00","og_image":[{"url":"https:\/\/markez.cl\/wp-content\/uploads\/2022\/02\/Actividad-empresa-online-1024x509.jpg"}],"twitter_card":"summary_large_image","twitter_misc":{"Tiempo estimado de lectura":"2 minutos"},"schema":{"@context":"https:\/\/schema.org","@graph":[{"@type":"WebPage","@id":"https:\/\/markez.cl\/index.php\/crear-curso-elearning\/","url":"https:\/\/markez.cl\/index.php\/crear-curso-elearning\/","name":"e-learning & actividades -","isPartOf":{"@id":"https:\/\/markez.cl\/#website"},"primaryImageOfPage":{"@id":"https:\/\/markez.cl\/index.php\/crear-curso-elearning\/#primaryimage"},"image":{"@id":"https:\/\/markez.cl\/index.php\/crear-curso-elearning\/#primaryimage"},"thumbnailUrl":"https:\/\/markez.cl\/wp-content\/uploads\/2022\/02\/Actividad-empresa-online-1024x509.jpg","datePublished":"2022-02-04T16:22:28+00:00","dateModified":"2022-02-14T21:48:27+00:00","breadcrumb":{"@id":"https:\/\/markez.cl\/index.php\/crear-curso-elearning\/#breadcrumb"},"inLanguage":"es-CL","potentialAction":[{"@type":"ReadAction","target":["https:\/\/markez.cl\/index.php\/crear-curso-elearning\/"]}]},{"@type":"ImageObject","inLanguage":"es-CL","@id":"https:\/\/markez.cl\/index.php\/crear-curso-elearning\/#primaryimage","url":"https:\/\/markez.cl\/wp-content\/uploads\/2022\/02\/Actividad-empresa-online.jpg","contentUrl":"https:\/\/markez.cl\/wp-content\/uploads\/2022\/02\/Actividad-empresa-online.jpg","width":1516,"height":754},{"@type":"BreadcrumbList","@id":"https:\/\/markez.cl\/index.php\/crear-curso-elearning\/#breadcrumb","itemListElement":[{"@type":"ListItem","position":1,"name":"Portada","item":"https:\/\/markez.cl\/"},{"@type":"ListItem","position":2,"name":"e-learning &#038; actividades"}]},{"@type":"WebSite","@id":"https:\/\/markez.cl\/#website","url":"https:\/\/markez.cl\/","name":"dise\u00f1o & Marketing","description":"Te ayudamos a crear una marca s\u00f3lida.","publisher":{"@id":"https:\/\/markez.cl\/#organization"},"potentialAction":[{"@type":"SearchAction","target":{"@type":"EntryPoint","urlTemplate":"https:\/\/markez.cl\/?s={search_term_string}"},"query-input":"required name=search_term_string"}],"inLanguage":"es-CL"},{"@type":"Organization","@id":"https:\/\/markez.cl\/#organization","name":"Markez","url":"https:\/\/markez.cl\/","logo":{"@type":"ImageObject","inLanguage":"es-CL","@id":"https:\/\/markez.cl\/#\/schema\/logo\/image\/","url":"https:\/\/markez.cl\/wp-content\/uploads\/2025\/08\/cropped-logo-1.png","contentUrl":"https:\/\/markez.cl\/wp-content\/uploads\/2025\/08\/cropped-logo-1.png","width":787,"height":250,"caption":"Markez"},"image":{"@id":"https:\/\/markez.cl\/#\/schema\/logo\/image\/"},"sameAs":["https:\/\/www.instagram.com\/markez_design"]}]}},"jetpack_sharing_enabled":true,"_links":{"self":[{"href":"https:\/\/markez.cl\/index.php\/wp-json\/wp\/v2\/pages\/194","targetHints":{"allow":["GET"]}}],"collection":[{"href":"https:\/\/markez.cl\/index.php\/wp-json\/wp\/v2\/pages"}],"about":[{"href":"https:\/\/markez.cl\/index.php\/wp-json\/wp\/v2\/types\/page"}],"author":[{"embeddable":true,"href":"https:\/\/markez.cl\/index.php\/wp-json\/wp\/v2\/users\/1"}],"replies":[{"embeddable":true,"href":"https:\/\/markez.cl\/index.php\/wp-json\/wp\/v2\/comments?post=194"}],"version-history":[{"count":12,"href":"https:\/\/markez.cl\/index.php\/wp-json\/wp\/v2\/pages\/194\/revisions"}],"predecessor-version":[{"id":272,"href":"https:\/\/markez.cl\/index.php\/wp-json\/wp\/v2\/pages\/194\/revisions\/272"}],"wp:attachment":[{"href":"https:\/\/markez.cl\/index.php\/wp-json\/wp\/v2\/media?parent=194"}],"curies":[{"name":"wp","href":"https:\/\/api.w.org\/{rel}","templated":true}]}}