{"id":21,"date":"2022-01-24T15:13:44","date_gmt":"2022-01-24T15:13:44","guid":{"rendered":"https:\/\/diiestudio.cl\/?page_id=21"},"modified":"2023-05-16T21:54:20","modified_gmt":"2023-05-16T21:54:20","slug":"diseno-grafico","status":"publish","type":"page","link":"https:\/\/markez.cl\/index.php\/diseno-grafico\/","title":{"rendered":"Dise\u00f1o Gr\u00e1fico"},"content":{"rendered":"\n<div class=\"wp-block-columns is-layout-flex wp-container-core-columns-is-layout-9d6595d7 wp-block-columns-is-layout-flex\">\n<div class=\"wp-block-column is-layout-flow wp-block-column-is-layout-flow\" style=\"flex-basis:100%\">\n<div class=\"wp-block-columns is-layout-flex wp-container-core-columns-is-layout-9d6595d7 wp-block-columns-is-layout-flex\">\n<div class=\"wp-block-column is-layout-flow wp-block-column-is-layout-flow\">\n<p>Imagen Corporativa<\/p>\n\n\n\n<p class=\"has-small-font-size\">Dise\u00f1o de logo e imagen para compa\u00f1\u00eda, desarrollamos la imagen acorde a la identidad de la empresa, su visi\u00f3n y misi\u00f3n. Tendr\u00e1s un manual para dar un uso normado de la marca, dando as\u00ed recordaci\u00f3n a tu marca.<br> <a href=\"https:\/\/markez.cl\/index.php\/portafolio-diseno\/\">Ver m\u00e1s<\/a><\/p>\n<\/div>\n\n\n\n<div class=\"wp-block-column is-layout-flow wp-block-column-is-layout-flow\">\n<p>Papeler\u00eda<\/p>\n\n\n\n<p class=\"has-small-font-size\">Desarrollo de papeler\u00eda digital e impresa. Hoy necesitamos, que la papeler\u00eda se adapte a los nuevos tiempos abarcando el dise\u00f1o de un menu online, firmas de correo, formato de hoja carta, etc.<\/p>\n<\/div>\n\n\n\n<div class=\"wp-block-column is-layout-flow wp-block-column-is-layout-flow\">\n<p>Campa\u00f1a gr\u00e1fica<\/p>\n\n\n\n<p class=\"has-small-font-size\">Trabajamos con tu marca y generamos la campa\u00f1a spot o permanente para promocionar la marca, su identidad, productos o servicios.<br><a href=\"https:\/\/markez.cl\/index.php\/campana-grafica\/\">Ver m\u00e1s<\/a><\/p>\n<\/div>\n<\/div>\n\n\n\n<div class=\"wp-block-columns is-layout-flex wp-container-core-columns-is-layout-9d6595d7 wp-block-columns-is-layout-flex\">\n<div class=\"wp-block-column is-layout-flow wp-block-column-is-layout-flow\">\n<p>Dise\u00f1o Editorial<\/p>\n\n\n\n<p class=\"has-small-font-size\">Nuestra experiencia editorial abarca el dise\u00f1o de libro, librillo, dise\u00f1o y adaptaci\u00f3n de brouchures. <br><a href=\"https:\/\/markez.cl\/index.php\/diseno-editorial\/\">Ver m\u00e1s<\/a><br><\/p>\n<\/div>\n\n\n\n<div class=\"wp-block-column is-layout-flow wp-block-column-is-layout-flow\">\n<p>Fotograf\u00eda productos<\/p>\n\n\n\n<p class=\"has-small-font-size\">Nos preocupamos como se muestran los productos no solo en crear una gran campa\u00f1a, tambi\u00e9n tomar foto de cada uno de ellos para que sea atractivo y reconocido por el cliente final.<br><a href=\"https:\/\/markez.cl\/index.php\/fotografia-de-producto\/\">Ver m\u00e1s<\/a><\/p>\n<\/div>\n\n\n\n<div class=\"wp-block-column is-layout-flow wp-block-column-is-layout-flow\">\n<p>Ilustraci\u00f3n<\/p>\n\n\n\n<p class=\"has-small-font-size\">Tenemos experiencia creando ilustraciones que son la campa\u00f1a o la acompa\u00f1an , as\u00ed como tambi\u00e9n ilustraciones o dise\u00f1o de un envase. <a href=\"https:\/\/markez.cl\/index.php\/ilustracion\/\">Ver m\u00e1s<\/a><\/p>\n<\/div>\n<\/div>\n<\/div>\n<\/div>\n\n\n\n<p><\/p>\n","protected":false},"excerpt":{"rendered":"<p>Imagen Corporativa Dise\u00f1o de logo e imagen para compa\u00f1\u00eda, desarrollamos la imagen acorde a la identidad de la empresa, su visi\u00f3n y misi\u00f3n. Tendr\u00e1s un manual para dar un uso normado de la marca, dando as\u00ed recordaci\u00f3n a tu marca. Ver m\u00e1s Papeler\u00eda Desarrollo de papeler\u00eda digital e impresa. Hoy necesitamos, que la papeler\u00eda se &hellip; <\/p>\n<p class=\"link-more\"><a href=\"https:\/\/markez.cl\/index.php\/diseno-grafico\/\" class=\"more-link\">Continua leyendo<span class=\"screen-reader-text\"> &#8220;Dise\u00f1o Gr\u00e1fico&#8221;<\/span><\/a><\/p>\n","protected":false},"author":1,"featured_media":78,"parent":0,"menu_order":0,"comment_status":"closed","ping_status":"closed","template":"","meta":{"footnotes":""},"class_list":["post-21","page","type-page","status-publish","has-post-thumbnail","hentry"],"yoast_head":"<!-- This site is optimized with the Yoast SEO plugin v22.8 - https:\/\/yoast.com\/wordpress\/plugins\/seo\/ -->\n<title>Dise\u00f1o Gr\u00e1fico -<\/title>\n<meta name=\"description\" content=\"Con experiencia en variadas \u00e1reas del dise\u00f1o y diferentes industrias, no s\u00f3lo creamos la marca, tambi\u00e9n la fortalecemos.\" \/>\n<meta name=\"robots\" content=\"index, follow, max-snippet:-1, max-image-preview:large, max-video-preview:-1\" \/>\n<link rel=\"canonical\" href=\"https:\/\/markez.cl\/index.php\/diseno-grafico\/\" \/>\n<meta property=\"og:locale\" content=\"es_ES\" \/>\n<meta property=\"og:type\" content=\"article\" \/>\n<meta property=\"og:title\" content=\"Dise\u00f1o Gr\u00e1fico -\" \/>\n<meta property=\"og:description\" content=\"Con experiencia en variadas \u00e1reas del dise\u00f1o y diferentes industrias, no s\u00f3lo creamos la marca, tambi\u00e9n la fortalecemos.\" \/>\n<meta property=\"og:url\" content=\"https:\/\/markez.cl\/index.php\/diseno-grafico\/\" \/>\n<meta property=\"article:modified_time\" content=\"2023-05-16T21:54:20+00:00\" \/>\n<meta property=\"og:image\" content=\"https:\/\/markez.cl\/wp-content\/uploads\/2022\/01\/creacio\u0301n-marca-branding.jpg\" \/>\n\t<meta property=\"og:image:width\" content=\"2000\" \/>\n\t<meta property=\"og:image:height\" content=\"1200\" \/>\n\t<meta property=\"og:image:type\" content=\"image\/jpeg\" \/>\n<meta name=\"twitter:card\" content=\"summary_large_image\" \/>\n<meta name=\"twitter:label1\" content=\"Tiempo estimado de lectura\" \/>\n\t<meta name=\"twitter:data1\" content=\"1 minuto\" \/>\n<script type=\"application\/ld+json\" class=\"yoast-schema-graph\">{\"@context\":\"https:\/\/schema.org\",\"@graph\":[{\"@type\":\"WebPage\",\"@id\":\"https:\/\/markez.cl\/index.php\/diseno-grafico\/\",\"url\":\"https:\/\/markez.cl\/index.php\/diseno-grafico\/\",\"name\":\"Dise\u00f1o Gr\u00e1fico -\",\"isPartOf\":{\"@id\":\"https:\/\/markez.cl\/#website\"},\"primaryImageOfPage\":{\"@id\":\"https:\/\/markez.cl\/index.php\/diseno-grafico\/#primaryimage\"},\"image\":{\"@id\":\"https:\/\/markez.cl\/index.php\/diseno-grafico\/#primaryimage\"},\"thumbnailUrl\":\"https:\/\/markez.cl\/wp-content\/uploads\/2022\/01\/creacio\u0301n-marca-branding.jpg\",\"datePublished\":\"2022-01-24T15:13:44+00:00\",\"dateModified\":\"2023-05-16T21:54:20+00:00\",\"description\":\"Con experiencia en variadas \u00e1reas del dise\u00f1o y diferentes industrias, no s\u00f3lo creamos la marca, tambi\u00e9n la fortalecemos.\",\"breadcrumb\":{\"@id\":\"https:\/\/markez.cl\/index.php\/diseno-grafico\/#breadcrumb\"},\"inLanguage\":\"es-CL\",\"potentialAction\":[{\"@type\":\"ReadAction\",\"target\":[\"https:\/\/markez.cl\/index.php\/diseno-grafico\/\"]}]},{\"@type\":\"ImageObject\",\"inLanguage\":\"es-CL\",\"@id\":\"https:\/\/markez.cl\/index.php\/diseno-grafico\/#primaryimage\",\"url\":\"https:\/\/markez.cl\/wp-content\/uploads\/2022\/01\/creacio\u0301n-marca-branding.jpg\",\"contentUrl\":\"https:\/\/markez.cl\/wp-content\/uploads\/2022\/01\/creacio\u0301n-marca-branding.jpg\",\"width\":2000,\"height\":1200,\"caption\":\"dise\u00f1o-de-logo\"},{\"@type\":\"BreadcrumbList\",\"@id\":\"https:\/\/markez.cl\/index.php\/diseno-grafico\/#breadcrumb\",\"itemListElement\":[{\"@type\":\"ListItem\",\"position\":1,\"name\":\"Portada\",\"item\":\"https:\/\/markez.cl\/\"},{\"@type\":\"ListItem\",\"position\":2,\"name\":\"Dise\u00f1o Gr\u00e1fico\"}]},{\"@type\":\"WebSite\",\"@id\":\"https:\/\/markez.cl\/#website\",\"url\":\"https:\/\/markez.cl\/\",\"name\":\"dise\u00f1o & Marketing\",\"description\":\"Te ayudamos a crear una marca s\u00f3lida.\",\"publisher\":{\"@id\":\"https:\/\/markez.cl\/#organization\"},\"potentialAction\":[{\"@type\":\"SearchAction\",\"target\":{\"@type\":\"EntryPoint\",\"urlTemplate\":\"https:\/\/markez.cl\/?s={search_term_string}\"},\"query-input\":\"required name=search_term_string\"}],\"inLanguage\":\"es-CL\"},{\"@type\":\"Organization\",\"@id\":\"https:\/\/markez.cl\/#organization\",\"name\":\"Markez\",\"url\":\"https:\/\/markez.cl\/\",\"logo\":{\"@type\":\"ImageObject\",\"inLanguage\":\"es-CL\",\"@id\":\"https:\/\/markez.cl\/#\/schema\/logo\/image\/\",\"url\":\"https:\/\/markez.cl\/wp-content\/uploads\/2025\/08\/cropped-logo-1.png\",\"contentUrl\":\"https:\/\/markez.cl\/wp-content\/uploads\/2025\/08\/cropped-logo-1.png\",\"width\":787,\"height\":250,\"caption\":\"Markez\"},\"image\":{\"@id\":\"https:\/\/markez.cl\/#\/schema\/logo\/image\/\"},\"sameAs\":[\"https:\/\/www.instagram.com\/markez_design\"]}]}<\/script>\n<!-- \/ Yoast SEO plugin. -->","yoast_head_json":{"title":"Dise\u00f1o Gr\u00e1fico -","description":"Con experiencia en variadas \u00e1reas del dise\u00f1o y diferentes industrias, no s\u00f3lo creamos la marca, tambi\u00e9n la fortalecemos.","robots":{"index":"index","follow":"follow","max-snippet":"max-snippet:-1","max-image-preview":"max-image-preview:large","max-video-preview":"max-video-preview:-1"},"canonical":"https:\/\/markez.cl\/index.php\/diseno-grafico\/","og_locale":"es_ES","og_type":"article","og_title":"Dise\u00f1o Gr\u00e1fico -","og_description":"Con experiencia en variadas \u00e1reas del dise\u00f1o y diferentes industrias, no s\u00f3lo creamos la marca, tambi\u00e9n la fortalecemos.","og_url":"https:\/\/markez.cl\/index.php\/diseno-grafico\/","article_modified_time":"2023-05-16T21:54:20+00:00","og_image":[{"width":2000,"height":1200,"url":"https:\/\/markez.cl\/wp-content\/uploads\/2022\/01\/creacio\u0301n-marca-branding.jpg","type":"image\/jpeg"}],"twitter_card":"summary_large_image","twitter_misc":{"Tiempo estimado de lectura":"1 minuto"},"schema":{"@context":"https:\/\/schema.org","@graph":[{"@type":"WebPage","@id":"https:\/\/markez.cl\/index.php\/diseno-grafico\/","url":"https:\/\/markez.cl\/index.php\/diseno-grafico\/","name":"Dise\u00f1o Gr\u00e1fico -","isPartOf":{"@id":"https:\/\/markez.cl\/#website"},"primaryImageOfPage":{"@id":"https:\/\/markez.cl\/index.php\/diseno-grafico\/#primaryimage"},"image":{"@id":"https:\/\/markez.cl\/index.php\/diseno-grafico\/#primaryimage"},"thumbnailUrl":"https:\/\/markez.cl\/wp-content\/uploads\/2022\/01\/creacio\u0301n-marca-branding.jpg","datePublished":"2022-01-24T15:13:44+00:00","dateModified":"2023-05-16T21:54:20+00:00","description":"Con experiencia en variadas \u00e1reas del dise\u00f1o y diferentes industrias, no s\u00f3lo creamos la marca, tambi\u00e9n la fortalecemos.","breadcrumb":{"@id":"https:\/\/markez.cl\/index.php\/diseno-grafico\/#breadcrumb"},"inLanguage":"es-CL","potentialAction":[{"@type":"ReadAction","target":["https:\/\/markez.cl\/index.php\/diseno-grafico\/"]}]},{"@type":"ImageObject","inLanguage":"es-CL","@id":"https:\/\/markez.cl\/index.php\/diseno-grafico\/#primaryimage","url":"https:\/\/markez.cl\/wp-content\/uploads\/2022\/01\/creacio\u0301n-marca-branding.jpg","contentUrl":"https:\/\/markez.cl\/wp-content\/uploads\/2022\/01\/creacio\u0301n-marca-branding.jpg","width":2000,"height":1200,"caption":"dise\u00f1o-de-logo"},{"@type":"BreadcrumbList","@id":"https:\/\/markez.cl\/index.php\/diseno-grafico\/#breadcrumb","itemListElement":[{"@type":"ListItem","position":1,"name":"Portada","item":"https:\/\/markez.cl\/"},{"@type":"ListItem","position":2,"name":"Dise\u00f1o Gr\u00e1fico"}]},{"@type":"WebSite","@id":"https:\/\/markez.cl\/#website","url":"https:\/\/markez.cl\/","name":"dise\u00f1o & Marketing","description":"Te ayudamos a crear una marca s\u00f3lida.","publisher":{"@id":"https:\/\/markez.cl\/#organization"},"potentialAction":[{"@type":"SearchAction","target":{"@type":"EntryPoint","urlTemplate":"https:\/\/markez.cl\/?s={search_term_string}"},"query-input":"required name=search_term_string"}],"inLanguage":"es-CL"},{"@type":"Organization","@id":"https:\/\/markez.cl\/#organization","name":"Markez","url":"https:\/\/markez.cl\/","logo":{"@type":"ImageObject","inLanguage":"es-CL","@id":"https:\/\/markez.cl\/#\/schema\/logo\/image\/","url":"https:\/\/markez.cl\/wp-content\/uploads\/2025\/08\/cropped-logo-1.png","contentUrl":"https:\/\/markez.cl\/wp-content\/uploads\/2025\/08\/cropped-logo-1.png","width":787,"height":250,"caption":"Markez"},"image":{"@id":"https:\/\/markez.cl\/#\/schema\/logo\/image\/"},"sameAs":["https:\/\/www.instagram.com\/markez_design"]}]}},"jetpack_sharing_enabled":true,"_links":{"self":[{"href":"https:\/\/markez.cl\/index.php\/wp-json\/wp\/v2\/pages\/21","targetHints":{"allow":["GET"]}}],"collection":[{"href":"https:\/\/markez.cl\/index.php\/wp-json\/wp\/v2\/pages"}],"about":[{"href":"https:\/\/markez.cl\/index.php\/wp-json\/wp\/v2\/types\/page"}],"author":[{"embeddable":true,"href":"https:\/\/markez.cl\/index.php\/wp-json\/wp\/v2\/users\/1"}],"replies":[{"embeddable":true,"href":"https:\/\/markez.cl\/index.php\/wp-json\/wp\/v2\/comments?post=21"}],"version-history":[{"count":14,"href":"https:\/\/markez.cl\/index.php\/wp-json\/wp\/v2\/pages\/21\/revisions"}],"predecessor-version":[{"id":282,"href":"https:\/\/markez.cl\/index.php\/wp-json\/wp\/v2\/pages\/21\/revisions\/282"}],"wp:featuredmedia":[{"embeddable":true,"href":"https:\/\/markez.cl\/index.php\/wp-json\/wp\/v2\/media\/78"}],"wp:attachment":[{"href":"https:\/\/markez.cl\/index.php\/wp-json\/wp\/v2\/media?parent=21"}],"curies":[{"name":"wp","href":"https:\/\/api.w.org\/{rel}","templated":true}]}}