{"id":55,"date":"2022-01-24T16:19:38","date_gmt":"2022-01-24T16:19:38","guid":{"rendered":"https:\/\/diiestudio.cl\/?page_id=55"},"modified":"2022-02-14T15:08:37","modified_gmt":"2022-02-14T15:08:37","slug":"diseno-ecommerce","status":"publish","type":"page","link":"https:\/\/markez.cl\/index.php\/diseno-ecommerce\/","title":{"rendered":"ecommerce"},"content":{"rendered":"\n<div class=\"wp-block-columns is-layout-flex wp-container-core-columns-is-layout-9d6595d7 wp-block-columns-is-layout-flex\">\n<div class=\"wp-block-column is-layout-flow wp-block-column-is-layout-flow\">\n<blockquote class=\"wp-block-quote is-layout-flow wp-block-quote-is-layout-flow\"><p>Desarrollamos e-commerce en diferentes plataformas woocommerce y shopify.<\/p><cite>ecommerce<\/cite><\/blockquote>\n<\/div>\n\n\n\n<div class=\"wp-block-column is-layout-flow wp-block-column-is-layout-flow\">\n<blockquote class=\"wp-block-quote is-layout-flow wp-block-quote-is-layout-flow\"><p>Dise\u00f1amos tu web de acuerdo tus necesidades landing page, blog, plataformas.<\/p><cite>Dise\u00f1o web<\/cite><\/blockquote>\n<\/div>\n<\/div>\n\n\n\n<p><a href=\"https:\/\/markez.cl\/index.php\/desarrollo-e-commerce\/\">Ver m\u00e1s<\/a><\/p>\n","protected":false},"excerpt":{"rendered":"<p>Desarrollamos e-commerce en diferentes plataformas woocommerce y shopify. ecommerce Dise\u00f1amos tu web de acuerdo tus necesidades landing page, blog, plataformas. Dise\u00f1o web Ver m\u00e1s<\/p>\n","protected":false},"author":1,"featured_media":79,"parent":0,"menu_order":0,"comment_status":"closed","ping_status":"closed","template":"","meta":{"footnotes":""},"class_list":["post-55","page","type-page","status-publish","has-post-thumbnail","hentry"],"yoast_head":"<!-- This site is optimized with the Yoast SEO plugin v22.8 - https:\/\/yoast.com\/wordpress\/plugins\/seo\/ -->\n<title>ecommerce -<\/title>\n<meta name=\"robots\" content=\"index, follow, max-snippet:-1, max-image-preview:large, max-video-preview:-1\" \/>\n<link rel=\"canonical\" href=\"https:\/\/markez.cl\/index.php\/diseno-ecommerce\/\" \/>\n<meta property=\"og:locale\" content=\"es_ES\" \/>\n<meta property=\"og:type\" content=\"article\" \/>\n<meta property=\"og:title\" content=\"ecommerce -\" \/>\n<meta property=\"og:description\" content=\"Desarrollamos e-commerce en diferentes plataformas woocommerce y shopify. ecommerce Dise\u00f1amos tu web de acuerdo tus necesidades landing page, blog, plataformas. Dise\u00f1o web Ver m\u00e1s\" \/>\n<meta property=\"og:url\" content=\"https:\/\/markez.cl\/index.php\/diseno-ecommerce\/\" \/>\n<meta property=\"article:modified_time\" content=\"2022-02-14T15:08:37+00:00\" \/>\n<meta property=\"og:image\" content=\"https:\/\/markez.cl\/wp-content\/uploads\/2022\/01\/servicio-ecommerce.jpg\" \/>\n\t<meta property=\"og:image:width\" content=\"2000\" \/>\n\t<meta property=\"og:image:height\" content=\"1200\" \/>\n\t<meta property=\"og:image:type\" content=\"image\/jpeg\" \/>\n<meta name=\"twitter:card\" content=\"summary_large_image\" \/>\n<meta name=\"twitter:label1\" content=\"Tiempo estimado de lectura\" \/>\n\t<meta name=\"twitter:data1\" content=\"1 minuto\" \/>\n<script type=\"application\/ld+json\" class=\"yoast-schema-graph\">{\"@context\":\"https:\/\/schema.org\",\"@graph\":[{\"@type\":\"WebPage\",\"@id\":\"https:\/\/markez.cl\/index.php\/diseno-ecommerce\/\",\"url\":\"https:\/\/markez.cl\/index.php\/diseno-ecommerce\/\",\"name\":\"ecommerce -\",\"isPartOf\":{\"@id\":\"https:\/\/markez.cl\/#website\"},\"primaryImageOfPage\":{\"@id\":\"https:\/\/markez.cl\/index.php\/diseno-ecommerce\/#primaryimage\"},\"image\":{\"@id\":\"https:\/\/markez.cl\/index.php\/diseno-ecommerce\/#primaryimage\"},\"thumbnailUrl\":\"https:\/\/markez.cl\/wp-content\/uploads\/2022\/01\/servicio-ecommerce.jpg\",\"datePublished\":\"2022-01-24T16:19:38+00:00\",\"dateModified\":\"2022-02-14T15:08:37+00:00\",\"breadcrumb\":{\"@id\":\"https:\/\/markez.cl\/index.php\/diseno-ecommerce\/#breadcrumb\"},\"inLanguage\":\"es-CL\",\"potentialAction\":[{\"@type\":\"ReadAction\",\"target\":[\"https:\/\/markez.cl\/index.php\/diseno-ecommerce\/\"]}]},{\"@type\":\"ImageObject\",\"inLanguage\":\"es-CL\",\"@id\":\"https:\/\/markez.cl\/index.php\/diseno-ecommerce\/#primaryimage\",\"url\":\"https:\/\/markez.cl\/wp-content\/uploads\/2022\/01\/servicio-ecommerce.jpg\",\"contentUrl\":\"https:\/\/markez.cl\/wp-content\/uploads\/2022\/01\/servicio-ecommerce.jpg\",\"width\":2000,\"height\":1200,\"caption\":\"Dise\u00f1o-tienda-online\"},{\"@type\":\"BreadcrumbList\",\"@id\":\"https:\/\/markez.cl\/index.php\/diseno-ecommerce\/#breadcrumb\",\"itemListElement\":[{\"@type\":\"ListItem\",\"position\":1,\"name\":\"Portada\",\"item\":\"https:\/\/markez.cl\/\"},{\"@type\":\"ListItem\",\"position\":2,\"name\":\"ecommerce\"}]},{\"@type\":\"WebSite\",\"@id\":\"https:\/\/markez.cl\/#website\",\"url\":\"https:\/\/markez.cl\/\",\"name\":\"dise\u00f1o & Marketing\",\"description\":\"Te ayudamos a crear una marca s\u00f3lida.\",\"publisher\":{\"@id\":\"https:\/\/markez.cl\/#organization\"},\"potentialAction\":[{\"@type\":\"SearchAction\",\"target\":{\"@type\":\"EntryPoint\",\"urlTemplate\":\"https:\/\/markez.cl\/?s={search_term_string}\"},\"query-input\":\"required name=search_term_string\"}],\"inLanguage\":\"es-CL\"},{\"@type\":\"Organization\",\"@id\":\"https:\/\/markez.cl\/#organization\",\"name\":\"Markez\",\"url\":\"https:\/\/markez.cl\/\",\"logo\":{\"@type\":\"ImageObject\",\"inLanguage\":\"es-CL\",\"@id\":\"https:\/\/markez.cl\/#\/schema\/logo\/image\/\",\"url\":\"https:\/\/markez.cl\/wp-content\/uploads\/2025\/08\/cropped-logo-1.png\",\"contentUrl\":\"https:\/\/markez.cl\/wp-content\/uploads\/2025\/08\/cropped-logo-1.png\",\"width\":787,\"height\":250,\"caption\":\"Markez\"},\"image\":{\"@id\":\"https:\/\/markez.cl\/#\/schema\/logo\/image\/\"},\"sameAs\":[\"https:\/\/www.instagram.com\/markez_design\"]}]}<\/script>\n<!-- \/ Yoast SEO plugin. -->","yoast_head_json":{"title":"ecommerce -","robots":{"index":"index","follow":"follow","max-snippet":"max-snippet:-1","max-image-preview":"max-image-preview:large","max-video-preview":"max-video-preview:-1"},"canonical":"https:\/\/markez.cl\/index.php\/diseno-ecommerce\/","og_locale":"es_ES","og_type":"article","og_title":"ecommerce -","og_description":"Desarrollamos e-commerce en diferentes plataformas woocommerce y shopify. ecommerce Dise\u00f1amos tu web de acuerdo tus necesidades landing page, blog, plataformas. Dise\u00f1o web Ver m\u00e1s","og_url":"https:\/\/markez.cl\/index.php\/diseno-ecommerce\/","article_modified_time":"2022-02-14T15:08:37+00:00","og_image":[{"width":2000,"height":1200,"url":"https:\/\/markez.cl\/wp-content\/uploads\/2022\/01\/servicio-ecommerce.jpg","type":"image\/jpeg"}],"twitter_card":"summary_large_image","twitter_misc":{"Tiempo estimado de lectura":"1 minuto"},"schema":{"@context":"https:\/\/schema.org","@graph":[{"@type":"WebPage","@id":"https:\/\/markez.cl\/index.php\/diseno-ecommerce\/","url":"https:\/\/markez.cl\/index.php\/diseno-ecommerce\/","name":"ecommerce -","isPartOf":{"@id":"https:\/\/markez.cl\/#website"},"primaryImageOfPage":{"@id":"https:\/\/markez.cl\/index.php\/diseno-ecommerce\/#primaryimage"},"image":{"@id":"https:\/\/markez.cl\/index.php\/diseno-ecommerce\/#primaryimage"},"thumbnailUrl":"https:\/\/markez.cl\/wp-content\/uploads\/2022\/01\/servicio-ecommerce.jpg","datePublished":"2022-01-24T16:19:38+00:00","dateModified":"2022-02-14T15:08:37+00:00","breadcrumb":{"@id":"https:\/\/markez.cl\/index.php\/diseno-ecommerce\/#breadcrumb"},"inLanguage":"es-CL","potentialAction":[{"@type":"ReadAction","target":["https:\/\/markez.cl\/index.php\/diseno-ecommerce\/"]}]},{"@type":"ImageObject","inLanguage":"es-CL","@id":"https:\/\/markez.cl\/index.php\/diseno-ecommerce\/#primaryimage","url":"https:\/\/markez.cl\/wp-content\/uploads\/2022\/01\/servicio-ecommerce.jpg","contentUrl":"https:\/\/markez.cl\/wp-content\/uploads\/2022\/01\/servicio-ecommerce.jpg","width":2000,"height":1200,"caption":"Dise\u00f1o-tienda-online"},{"@type":"BreadcrumbList","@id":"https:\/\/markez.cl\/index.php\/diseno-ecommerce\/#breadcrumb","itemListElement":[{"@type":"ListItem","position":1,"name":"Portada","item":"https:\/\/markez.cl\/"},{"@type":"ListItem","position":2,"name":"ecommerce"}]},{"@type":"WebSite","@id":"https:\/\/markez.cl\/#website","url":"https:\/\/markez.cl\/","name":"dise\u00f1o & Marketing","description":"Te ayudamos a crear una marca s\u00f3lida.","publisher":{"@id":"https:\/\/markez.cl\/#organization"},"potentialAction":[{"@type":"SearchAction","target":{"@type":"EntryPoint","urlTemplate":"https:\/\/markez.cl\/?s={search_term_string}"},"query-input":"required name=search_term_string"}],"inLanguage":"es-CL"},{"@type":"Organization","@id":"https:\/\/markez.cl\/#organization","name":"Markez","url":"https:\/\/markez.cl\/","logo":{"@type":"ImageObject","inLanguage":"es-CL","@id":"https:\/\/markez.cl\/#\/schema\/logo\/image\/","url":"https:\/\/markez.cl\/wp-content\/uploads\/2025\/08\/cropped-logo-1.png","contentUrl":"https:\/\/markez.cl\/wp-content\/uploads\/2025\/08\/cropped-logo-1.png","width":787,"height":250,"caption":"Markez"},"image":{"@id":"https:\/\/markez.cl\/#\/schema\/logo\/image\/"},"sameAs":["https:\/\/www.instagram.com\/markez_design"]}]}},"jetpack_sharing_enabled":true,"_links":{"self":[{"href":"https:\/\/markez.cl\/index.php\/wp-json\/wp\/v2\/pages\/55","targetHints":{"allow":["GET"]}}],"collection":[{"href":"https:\/\/markez.cl\/index.php\/wp-json\/wp\/v2\/pages"}],"about":[{"href":"https:\/\/markez.cl\/index.php\/wp-json\/wp\/v2\/types\/page"}],"author":[{"embeddable":true,"href":"https:\/\/markez.cl\/index.php\/wp-json\/wp\/v2\/users\/1"}],"replies":[{"embeddable":true,"href":"https:\/\/markez.cl\/index.php\/wp-json\/wp\/v2\/comments?post=55"}],"version-history":[{"count":3,"href":"https:\/\/markez.cl\/index.php\/wp-json\/wp\/v2\/pages\/55\/revisions"}],"predecessor-version":[{"id":251,"href":"https:\/\/markez.cl\/index.php\/wp-json\/wp\/v2\/pages\/55\/revisions\/251"}],"wp:featuredmedia":[{"embeddable":true,"href":"https:\/\/markez.cl\/index.php\/wp-json\/wp\/v2\/media\/79"}],"wp:attachment":[{"href":"https:\/\/markez.cl\/index.php\/wp-json\/wp\/v2\/media?parent=55"}],"curies":[{"name":"wp","href":"https:\/\/api.w.org\/{rel}","templated":true}]}}